{"id":209,"date":"2025-02-21T16:21:12","date_gmt":"2025-02-21T16:21:12","guid":{"rendered":"https:\/\/ingeomesa.com.co\/?page_id=209"},"modified":"2025-02-21T17:08:42","modified_gmt":"2025-02-21T17:08:42","slug":"contactanos","status":"publish","type":"page","link":"https:\/\/ingeomesa.com.co\/?page_id=209","title":{"rendered":"Contactanos"},"content":{"rendered":"\t\t<div data-elementor-type=\"wp-page\" data-elementor-id=\"209\" class=\"elementor elementor-209\">\n\t\t\t\t<div class=\"elementor-element elementor-element-2f6e9df7 e-flex e-con-boxed e-con e-parent\" data-id=\"2f6e9df7\" data-element_type=\"container\">\n\t\t\t\t\t<div class=\"e-con-inner\">\n\t\t\t\t<div class=\"elementor-element elementor-element-3600016e elementor-widget elementor-widget-text-editor\" data-id=\"3600016e\" data-element_type=\"widget\" data-widget_type=\"text-editor.default\">\n\t\t\t\t<div class=\"elementor-widget-container\">\n\t\t\t\t\t\t\t\t\t\n<form method=\"post\" class=\"wp-block-gutena-forms gutena-forms-contact-form gutena_forms_ID_e97c215405_2122025112656 after_submit_message is-layout-flow wp-block-gutena-forms-is-layout-flow\"><input type=\"hidden\" name=\"formid\" value=\"gutena_forms_ID_e97c215405_2122025112656\"\/><\/form>\n\n\n\n<form method=\"post\" class=\"wp-block-gutena-forms gutena-forms-contact-form gutena_forms_ID_e46582cdad_212202511272 after_submit_message is-layout-flow wp-block-gutena-forms-is-layout-flow\"><input type=\"hidden\" name=\"formid\" value=\"gutena_forms_ID_e46582cdad_212202511272\"\/><\/form>\n\t\t\t\t\t\t\t\t<\/div>\n\t\t\t\t<\/div>\n\t\t\t\t<div class=\"elementor-element elementor-element-a7b65ce elementor-widget elementor-widget-heading\" data-id=\"a7b65ce\" data-element_type=\"widget\" data-widget_type=\"heading.default\">\n\t\t\t\t<div class=\"elementor-widget-container\">\n\t\t\t\t\t<h3 class=\"elementor-heading-title elementor-size-default\"><p style=\"margin-bottom:0cm;margin-bottom:.0001pt;line-height:normal\"><b style=\"color: var(--wp--preset--color--base);font-family: var( --e-global-typography-primary-font-family ), Sans-serif;text-align: var(--text-align);background-color: var(--wp--preset--color--white)\"><span style=\"font-size:12.0pt;,serif;color:black\">Si deseas obtener m\u00e1s <\/span><\/b><b style=\"color: var(--wp--preset--color--base);font-family: var( --e-global-typography-primary-font-family ), Sans-serif;text-align: var(--text-align);background-color: var(--wp--preset--color--white)\"><span style=\"font-size:12.0pt;,serif;color:black\">informaci\u00f3n sobre nuestros cursos o programas de capacitaci\u00f3n, no dudes en <\/span><\/b><b style=\"color: var(--wp--preset--color--base);font-family: var( --e-global-typography-primary-font-family ), Sans-serif;text-align: var(--text-align);background-color: var(--wp--preset--color--white)\"><span style=\"font-size:12.0pt;,serif;color:black\">ponerte en contacto con nosotros:<\/span><\/b><\/p><b>\n<\/b><p style=\"margin-top:10.5pt;margin-right:0cm;margin-bottom:0cm;margin-left:0cm;margin-bottom:.0001pt;line-height:normal\"><b><span style=\"font-size:12.0pt;,serif;color:black\">Tel\u00e9fono:\n3112300261<\/span><\/b><b><span style=\"font-size:12.0pt;,serif;color:black\"><\/span><\/b><\/p><p style=\"margin-top:10.5pt;margin-right:0cm;margin-bottom:0cm;margin-left:0cm;margin-bottom:.0001pt;line-height:normal\"><b><span style=\"font-size:12.0pt;,serif;color:black\">Correo\nelectr\u00f3nico: capminering@gmail.com<\/span><\/b><b><span style=\"font-size:12.0pt;,serif;color:black\"><\/span><\/b><\/p><b><span style=\"font-size:12.0pt;line-height:107%;,serif;color:black\">Ubicaci\u00f3n:\ncalle17#13-75 Piso 2 Duitama, Boyaca<\/span><\/b><\/h3>\t\t\t\t<\/div>\n\t\t\t\t<\/div>\n\t\t\t\t\t<\/div>\n\t\t\t\t<\/div>\n\t\t<div class=\"elementor-element elementor-element-20eb2a7 e-flex e-con-boxed e-con e-parent\" data-id=\"20eb2a7\" data-element_type=\"container\">\n\t\t\t\t\t<div class=\"e-con-inner\">\n\t\t\t\t<div class=\"elementor-element elementor-element-0afaa1d elementor-widget elementor-widget-wpforms\" data-id=\"0afaa1d\" data-element_type=\"widget\" data-widget_type=\"wpforms.default\">\n\t\t\t\t<div class=\"elementor-widget-container\">\n\t\t\t\t\t<style id=\"wpforms-css-vars-elementor-widget-0afaa1d\">\n\t\t\t\t.elementor-widget-wpforms.elementor-element-0afaa1d {\n\t\t\t\t--wpforms-field-size-input-height: 43px;\n--wpforms-field-size-input-spacing: 15px;\n--wpforms-field-size-font-size: 16px;\n--wpforms-field-size-line-height: 19px;\n--wpforms-field-size-padding-h: 14px;\n--wpforms-field-size-checkbox-size: 16px;\n--wpforms-field-size-sublabel-spacing: 5px;\n--wpforms-field-size-icon-size: 1;\n--wpforms-label-size-font-size: 16px;\n--wpforms-label-size-line-height: 19px;\n--wpforms-label-size-sublabel-font-size: 14px;\n--wpforms-label-size-sublabel-line-height: 17px;\n--wpforms-button-size-font-size: 17px;\n--wpforms-button-size-height: 41px;\n--wpforms-button-size-padding-h: 15px;\n--wpforms-button-size-margin-top: 10px;\n\n\t\t\t}\n\t\t\t<\/style><div class=\"wpforms-container wpforms-container-full wpforms-render-modern\" id=\"wpforms-234\"><form id=\"wpforms-form-234\" class=\"wpforms-validate wpforms-form wpforms-ajax-form\" data-formid=\"234\" method=\"post\" enctype=\"multipart\/form-data\" action=\"\/index.php?rest_route=%2Fwp%2Fv2%2Fpages%2F209\" data-token=\"0362980f5655174f34eb030c0953cd93\" data-token-time=\"1777331576\"><noscript class=\"wpforms-error-noscript\">Por favor, activa JavaScript en tu navegador para completar este formulario.<\/noscript><div class=\"wpforms-hidden\" id=\"wpforms-error-noscript\">Por favor, activa JavaScript en tu navegador para completar este formulario.<\/div><div class=\"wpforms-field-container\"><div id=\"wpforms-234-field_1-container\" class=\"wpforms-field wpforms-field-name\" data-field-id=\"1\"><fieldset><legend class=\"wpforms-field-label\">Nombre <span class=\"wpforms-required-label\" aria-hidden=\"true\">*<\/span><\/legend><div class=\"wpforms-field-row wpforms-field-medium\"><div class=\"wpforms-field-row-block wpforms-first wpforms-one-half\"><input type=\"text\" id=\"wpforms-234-field_1\" class=\"wpforms-field-name-first wpforms-field-required\" name=\"wpforms[fields][1][first]\" aria-errormessage=\"wpforms-234-field_1-error\" required><label for=\"wpforms-234-field_1\" class=\"wpforms-field-sublabel after\">Nombre<\/label><\/div><div class=\"wpforms-field-row-block wpforms-one-half\"><input type=\"text\" id=\"wpforms-234-field_1-last\" class=\"wpforms-field-name-last wpforms-field-required\" name=\"wpforms[fields][1][last]\" aria-errormessage=\"wpforms-234-field_1-last-error\" required><label for=\"wpforms-234-field_1-last\" class=\"wpforms-field-sublabel after\">Apellidos<\/label><\/div><\/div><\/fieldset><\/div><div id=\"wpforms-234-field_2-container\" class=\"wpforms-field wpforms-field-email\" data-field-id=\"2\"><label class=\"wpforms-field-label\" for=\"wpforms-234-field_2\">Correo electr\u00f3nico <span class=\"wpforms-required-label\" aria-hidden=\"true\">*<\/span><\/label><input type=\"email\" id=\"wpforms-234-field_2\" class=\"wpforms-field-medium wpforms-field-required\" name=\"wpforms[fields][2]\" spellcheck=\"false\" aria-errormessage=\"wpforms-234-field_2-error\" required><\/div><div id=\"wpforms-234-field_3-container\" class=\"wpforms-field wpforms-field-textarea\" data-field-id=\"3\"><label class=\"wpforms-field-label\" for=\"wpforms-234-field_3\">Comentario o mensaje<\/label><textarea id=\"wpforms-234-field_3\" class=\"wpforms-field-medium\" name=\"wpforms[fields][3]\" aria-errormessage=\"wpforms-234-field_3-error\" ><\/textarea><\/div><\/div><!-- .wpforms-field-container --><div class=\"wpforms-submit-container\" ><input type=\"hidden\" name=\"wpforms[id]\" value=\"234\"><input type=\"hidden\" name=\"page_title\" value=\"\"><input type=\"hidden\" name=\"page_url\" value=\"https:\/\/ingeomesa.com.co\/index.php?rest_route=\/wp\/v2\/pages\/209\"><button type=\"submit\" name=\"wpforms[submit]\" id=\"wpforms-submit-234\" class=\"wpforms-submit\" data-alt-text=\"Enviando...\" data-submit-text=\"Enviar\" aria-live=\"assertive\" value=\"wpforms-submit\">Enviar<\/button><img decoding=\"async\" src=\"https:\/\/ingeomesa.com.co\/wp-content\/plugins\/wpforms-lite\/assets\/images\/submit-spin.svg\" class=\"wpforms-submit-spinner\" style=\"display: none;\" width=\"26\" height=\"26\" alt=\"Cargando\"><\/div><\/form><\/div>  <!-- .wpforms-container -->\t\t\t\t<\/div>\n\t\t\t\t<\/div>\n\t\t\t\t\t<\/div>\n\t\t\t\t<\/div>\n\t\t<div class=\"elementor-element elementor-element-602947a e-flex e-con-boxed e-con e-parent\" data-id=\"602947a\" data-element_type=\"container\">\n\t\t\t\t\t<div class=\"e-con-inner\">\n\t\t\t\t<div class=\"elementor-element elementor-element-96b40ce elementor-widget elementor-widget-heading\" data-id=\"96b40ce\" data-element_type=\"widget\" data-widget_type=\"heading.default\">\n\t\t\t\t<div class=\"elementor-widget-container\">\n\t\t\t\t\t<h2 class=\"elementor-heading-title elementor-size-default\"><b><span style=\"font-size:18.0pt;line-height:107%;,sans-serif\">Ubicaci\u00f3n<\/span><\/b><\/h2>\t\t\t\t<\/div>\n\t\t\t\t<\/div>\n\t\t\t\t<div class=\"elementor-element elementor-element-5e93bdc elementor-widget elementor-widget-google_maps\" data-id=\"5e93bdc\" data-element_type=\"widget\" data-widget_type=\"google_maps.default\">\n\t\t\t\t<div class=\"elementor-widget-container\">\n\t\t\t\t\t\t\t<div class=\"elementor-custom-embed\">\n\t\t\t<iframe loading=\"lazy\"\n\t\t\t\t\tsrc=\"https:\/\/maps.google.com\/maps?q=Duitama%2C%20calle%2017%20%23%2013-65&#038;t=m&#038;z=16&#038;output=embed&#038;iwloc=near\"\n\t\t\t\t\ttitle=\"Duitama, calle 17 # 13-65\"\n\t\t\t\t\taria-label=\"Duitama, calle 17 # 13-65\"\n\t\t\t><\/iframe>\n\t\t<\/div>\n\t\t\t\t\t\t<\/div>\n\t\t\t\t<\/div>\n\t\t\t\t\t<\/div>\n\t\t\t\t<\/div>\n\t\t\t\t<\/div>\n\t\t","protected":false},"excerpt":{"rendered":"<p>Si deseas obtener m\u00e1s informaci\u00f3n sobre nuestros cursos o programas de capacitaci\u00f3n, no dudes en ponerte en contacto con nosotros: Tel\u00e9fono: 3112300261 Correo electr\u00f3nico: capminering@gmail.com Ubicaci\u00f3n: calle17#13-75 Piso 2 Duitama, Boyaca Por favor, activa JavaScript en tu navegador para completar este formulario.Por favor, activa JavaScript en tu navegador para completar este formulario. Nombre * NombreApellidos [&hellip;]<\/p>\n","protected":false},"author":1,"featured_media":0,"parent":0,"menu_order":0,"comment_status":"closed","ping_status":"closed","template":"","meta":{"footnotes":""},"class_list":["post-209","page","type-page","status-publish","hentry"],"_links":{"self":[{"href":"https:\/\/ingeomesa.com.co\/index.php?rest_route=\/wp\/v2\/pages\/209","targetHints":{"allow":["GET"]}}],"collection":[{"href":"https:\/\/ingeomesa.com.co\/index.php?rest_route=\/wp\/v2\/pages"}],"about":[{"href":"https:\/\/ingeomesa.com.co\/index.php?rest_route=\/wp\/v2\/types\/page"}],"author":[{"embeddable":true,"href":"https:\/\/ingeomesa.com.co\/index.php?rest_route=\/wp\/v2\/users\/1"}],"replies":[{"embeddable":true,"href":"https:\/\/ingeomesa.com.co\/index.php?rest_route=%2Fwp%2Fv2%2Fcomments&post=209"}],"version-history":[{"count":29,"href":"https:\/\/ingeomesa.com.co\/index.php?rest_route=\/wp\/v2\/pages\/209\/revisions"}],"predecessor-version":[{"id":246,"href":"https:\/\/ingeomesa.com.co\/index.php?rest_route=\/wp\/v2\/pages\/209\/revisions\/246"}],"wp:attachment":[{"href":"https:\/\/ingeomesa.com.co\/index.php?rest_route=%2Fwp%2Fv2%2Fmedia&parent=209"}],"curies":[{"name":"wp","href":"https:\/\/api.w.org\/{rel}","templated":true}]}}